{"id":698,"date":"2024-11-25T12:53:51","date_gmt":"2024-11-25T11:53:51","guid":{"rendered":"https:\/\/chaletlocationcauterets.com\/?post_type=product&#038;p=698"},"modified":"2026-01-30T13:54:29","modified_gmt":"2026-01-30T12:54:29","slug":"short-homme","status":"publish","type":"product","link":"https:\/\/chaletlocationcauterets.com\/index.php\/product\/short-homme\/","title":{"rendered":"SHORT HOMME"},"content":{"rendered":"<p>&nbsp;<\/p>\n<div class=\"container newDescription\">\n<div class=\"row\">\n<div class=\"col-12 p-0\">\n<h2>Description<\/h2>\n<div class=\"Textcollapse\">\n<p>Short de running pour homme\/gar\u00e7on, id\u00e9al pour courir de mani\u00e8re confortable et l\u00e9g\u00e8re lors de l&#8217;entra\u00eenement et de la comp\u00e9tition. Avec une coupe con\u00e7ue pour que vous puissiez vous d\u00e9placer avec le plus de libert\u00e9 possible. Il vous aidera \u00e0 rester concentr\u00e9 et plein de confiance pour continuer \u00e0 vous d\u00e9passer et \u00e0 accumuler des kilom\u00e8tres.<\/p>\n<p>Ce short poss\u00e8de une taille \u00e9lastique ajustable gr\u00e2ce \u00e0 un cordon plat int\u00e9rieur. Il dispose d&#8217;un sous-v\u00eatement int\u00e9gr\u00e9, qui pr\u00e9vient les frottements et maintient le v\u00eatement en place \u00e0 tout moment.<\/p>\n<p>Les deux couches sont fabriqu\u00e9es dans un tissu l\u00e9ger, offrant ainsi un confort maximal pour que rien ne vous arr\u00eate. D&#8217;autre part, les ouvertures sur le bas lat\u00e9ral offrent au coureur une plus grande libert\u00e9 de mouvement en courant.<\/p>\n<p>Logo Joma s\u00e9rigraphi\u00e9 sans coutures, l\u00e9ger et qui ne frotte pas.<\/p>\n<\/div>\n<\/div>\n<\/div>\n<\/div>\n<div id=\"features\" class=\"container newFeatures\">\n<div class=\"row\">\n<div class=\"col-12 col-lg-4\">\n<h2>Conseils d\u2019entretien<\/h2>\n<ul class=\"features\">\n<li id=\"maquina_max30\">Laver \u00e0 la machine \u00e0 30 degr\u00e9s ou moins<\/li>\n<li id=\"no_lejia\">Ne pas utiliser de javel<\/li>\n<li id=\"no_secadora\">Ne pas mettre au s\u00e8che-linge<\/li>\n<li id=\"plancha_max110\">Repasser \u00e0 une temp\u00e9rature maximum de 110 degr\u00e9s<\/li>\n<li id=\"no_limpiar_seco\">Ne pas nettoyer \u00e0 sec<\/li>\n<\/ul>\n<p><img fetchpriority=\"high\" decoding=\"async\" class=\"alignnone size-full wp-image-824\" src=\"http:\/\/chaletlocationcauterets.com\/wp-content\/uploads\/2024\/11\/Affiche_Noel_evenement_rouge_11_-removebg-preview.png\" alt=\"\" width=\"368\" height=\"368\" srcset=\"https:\/\/chaletlocationcauterets.com\/wp-content\/uploads\/2024\/11\/Affiche_Noel_evenement_rouge_11_-removebg-preview.png 368w, https:\/\/chaletlocationcauterets.com\/wp-content\/uploads\/2024\/11\/Affiche_Noel_evenement_rouge_11_-removebg-preview-100x100.png 100w, https:\/\/chaletlocationcauterets.com\/wp-content\/uploads\/2024\/11\/Affiche_Noel_evenement_rouge_11_-removebg-preview-300x300.png 300w, https:\/\/chaletlocationcauterets.com\/wp-content\/uploads\/2024\/11\/Affiche_Noel_evenement_rouge_11_-removebg-preview-150x150.png 150w\" sizes=\"(max-width: 368px) 100vw, 368px\" \/> <img decoding=\"async\" class=\"alignnone size-full wp-image-829\" src=\"http:\/\/chaletlocationcauterets.com\/wp-content\/uploads\/2024\/11\/Short-h1.jpg\" alt=\"\" width=\"2000\" height=\"2000\" srcset=\"https:\/\/chaletlocationcauterets.com\/wp-content\/uploads\/2024\/11\/Short-h1.jpg 2000w, https:\/\/chaletlocationcauterets.com\/wp-content\/uploads\/2024\/11\/Short-h1-100x100.jpg 100w, https:\/\/chaletlocationcauterets.com\/wp-content\/uploads\/2024\/11\/Short-h1-600x600.jpg 600w, https:\/\/chaletlocationcauterets.com\/wp-content\/uploads\/2024\/11\/Short-h1-300x300.jpg 300w, https:\/\/chaletlocationcauterets.com\/wp-content\/uploads\/2024\/11\/Short-h1-1024x1024.jpg 1024w, https:\/\/chaletlocationcauterets.com\/wp-content\/uploads\/2024\/11\/Short-h1-150x150.jpg 150w, https:\/\/chaletlocationcauterets.com\/wp-content\/uploads\/2024\/11\/Short-h1-768x768.jpg 768w, https:\/\/chaletlocationcauterets.com\/wp-content\/uploads\/2024\/11\/Short-h1-1536x1536.jpg 1536w\" sizes=\"(max-width: 2000px) 100vw, 2000px\" \/> <img decoding=\"async\" class=\"alignnone size-full wp-image-828\" src=\"http:\/\/chaletlocationcauterets.com\/wp-content\/uploads\/2024\/11\/Short-Rh.jpg\" alt=\"\" width=\"2000\" height=\"2000\" srcset=\"https:\/\/chaletlocationcauterets.com\/wp-content\/uploads\/2024\/11\/Short-Rh.jpg 2000w, https:\/\/chaletlocationcauterets.com\/wp-content\/uploads\/2024\/11\/Short-Rh-100x100.jpg 100w, https:\/\/chaletlocationcauterets.com\/wp-content\/uploads\/2024\/11\/Short-Rh-600x600.jpg 600w, https:\/\/chaletlocationcauterets.com\/wp-content\/uploads\/2024\/11\/Short-Rh-300x300.jpg 300w, https:\/\/chaletlocationcauterets.com\/wp-content\/uploads\/2024\/11\/Short-Rh-1024x1024.jpg 1024w, https:\/\/chaletlocationcauterets.com\/wp-content\/uploads\/2024\/11\/Short-Rh-150x150.jpg 150w, https:\/\/chaletlocationcauterets.com\/wp-content\/uploads\/2024\/11\/Short-Rh-768x768.jpg 768w, https:\/\/chaletlocationcauterets.com\/wp-content\/uploads\/2024\/11\/Short-Rh-1536x1536.jpg 1536w\" sizes=\"(max-width: 2000px) 100vw, 2000px\" \/><\/p>\n<\/div>\n<\/div>\n<\/div>\n","protected":false},"excerpt":{"rendered":"<p>&nbsp; Description Short de running pour homme\/gar\u00e7on, id\u00e9al pour courir de mani\u00e8re confortable et l\u00e9g\u00e8re lors de l&#8217;entra\u00eenement et de la comp\u00e9tition. Avec une coupe con\u00e7ue pour que vous puissiez vous d\u00e9placer avec le plus de libert\u00e9 possible. Il vous aidera \u00e0 rester concentr\u00e9 et plein de confiance pour continuer \u00e0 vous d\u00e9passer et \u00e0 [&hellip;]<\/p>\n","protected":false},"featured_media":902,"template":"","meta":[],"product_cat":[18],"product_tag":[],"class_list":{"0":"post-698","1":"product","2":"type-product","3":"status-publish","4":"has-post-thumbnail","6":"product_cat-vetements","8":"first","9":"instock","10":"shipping-taxable","11":"purchasable","12":"product-type-variable"},"_links":{"self":[{"href":"https:\/\/chaletlocationcauterets.com\/index.php\/wp-json\/wp\/v2\/product\/698","targetHints":{"allow":["GET"]}}],"collection":[{"href":"https:\/\/chaletlocationcauterets.com\/index.php\/wp-json\/wp\/v2\/product"}],"about":[{"href":"https:\/\/chaletlocationcauterets.com\/index.php\/wp-json\/wp\/v2\/types\/product"}],"wp:featuredmedia":[{"embeddable":true,"href":"https:\/\/chaletlocationcauterets.com\/index.php\/wp-json\/wp\/v2\/media\/902"}],"wp:attachment":[{"href":"https:\/\/chaletlocationcauterets.com\/index.php\/wp-json\/wp\/v2\/media?parent=698"}],"wp:term":[{"taxonomy":"product_cat","embeddable":true,"href":"https:\/\/chaletlocationcauterets.com\/index.php\/wp-json\/wp\/v2\/product_cat?post=698"},{"taxonomy":"product_tag","embeddable":true,"href":"https:\/\/chaletlocationcauterets.com\/index.php\/wp-json\/wp\/v2\/product_tag?post=698"}],"curies":[{"name":"wp","href":"https:\/\/api.w.org\/{rel}","templated":true}]}}