{"id":61,"date":"2018-03-19T14:16:34","date_gmt":"2018-03-19T13:16:34","guid":{"rendered":"http:\/\/chaletlocationcauterets.com\/?page_id=61"},"modified":"2020-11-20T11:36:45","modified_gmt":"2020-11-20T10:36:45","slug":"partenaires","status":"publish","type":"page","link":"https:\/\/chaletlocationcauterets.com\/index.php\/partenaires\/","title":{"rendered":"ADRESSES UTILES"},"content":{"rendered":"<p><span style=\"color: #000000;\">Le C.U.Pau vous propose des adresses d&#8217;entit\u00e9s sur Cauterets avec lesquelles nous collaborons r\u00e9guli\u00e8rement. Accueillants et professionnels vous ne serez pas d\u00e9\u00e7us des prestations.<\/span><\/p>\n<p><img fetchpriority=\"high\" decoding=\"async\" class=\"\" src=\"https:\/\/www.lecoindesentrepreneurs.fr\/wp-content\/uploads\/2019\/12\/collaboration-autres-formes.jpg\" alt=\"Commerce organis\u00e9 et autres formes de collaboration\" width=\"1156\" height=\"413\" \/><\/p>\n<p>&nbsp;<\/p>\n<div class=\"row\">\n<div class=\"col-md-6\"><\/div>\n<\/div>\n<div id=\"jp-post-flair\" class=\"sharedaddy sd-like-enabled sd-sharing-enabled\">\n<div class=\"sharedaddy sd-sharing-enabled\">\n<div class=\"robots-nocontent sd-block sd-social sd-social-icon-text sd-sharing\">\n<h3 class=\"sd-title\"><\/h3>\n<\/div>\n<\/div>\n<\/div>\n","protected":false},"excerpt":{"rendered":"<p>Le C.U.Pau vous propose des adresses d&#8217;entit\u00e9s sur Cauterets avec lesquelles nous collaborons r\u00e9guli\u00e8rement. Accueillants et professionnels vous ne serez pas d\u00e9\u00e7us des prestations. &nbsp;<\/p>\n","protected":false},"author":1,"featured_media":0,"parent":0,"menu_order":0,"comment_status":"closed","ping_status":"closed","template":"","meta":{"footnotes":""},"class_list":["post-61","page","type-page","status-publish","hentry"],"_links":{"self":[{"href":"https:\/\/chaletlocationcauterets.com\/index.php\/wp-json\/wp\/v2\/pages\/61","targetHints":{"allow":["GET"]}}],"collection":[{"href":"https:\/\/chaletlocationcauterets.com\/index.php\/wp-json\/wp\/v2\/pages"}],"about":[{"href":"https:\/\/chaletlocationcauterets.com\/index.php\/wp-json\/wp\/v2\/types\/page"}],"author":[{"embeddable":true,"href":"https:\/\/chaletlocationcauterets.com\/index.php\/wp-json\/wp\/v2\/users\/1"}],"replies":[{"embeddable":true,"href":"https:\/\/chaletlocationcauterets.com\/index.php\/wp-json\/wp\/v2\/comments?post=61"}],"version-history":[{"count":8,"href":"https:\/\/chaletlocationcauterets.com\/index.php\/wp-json\/wp\/v2\/pages\/61\/revisions"}],"predecessor-version":[{"id":116,"href":"https:\/\/chaletlocationcauterets.com\/index.php\/wp-json\/wp\/v2\/pages\/61\/revisions\/116"}],"wp:attachment":[{"href":"https:\/\/chaletlocationcauterets.com\/index.php\/wp-json\/wp\/v2\/media?parent=61"}],"curies":[{"name":"wp","href":"https:\/\/api.w.org\/{rel}","templated":true}]}}