{"id":59,"date":"2018-03-19T14:16:34","date_gmt":"2018-03-19T13:16:34","guid":{"rendered":"http:\/\/chaletlocationcauterets.com\/?page_id=59"},"modified":"2025-06-30T12:25:36","modified_gmt":"2025-06-30T10:25:36","slug":"tarifs","status":"publish","type":"page","link":"https:\/\/chaletlocationcauterets.com\/index.php\/tarifs\/","title":{"rendered":"TARIFS HIVER"},"content":{"rendered":"<div class=\"wp-block-columns is-layout-flex wp-container-core-columns-is-layout-9d6595d7 wp-block-columns-is-layout-flex\"><div class=\"wp-block-column is-layout-flow wp-block-column-is-layout-flow\" style=\"flex-basis:100%\"><div class=\"wp-block-group\"><div class=\"wp-block-group__inner-container is-layout-constrained wp-block-group-is-layout-constrained\"><div class=\"wp-block-columns is-layout-flex wp-container-core-columns-is-layout-9d6595d7 wp-block-columns-is-layout-flex\"><div class=\"wp-block-column is-layout-flow wp-block-column-is-layout-flow\" style=\"flex-basis:100%\"><div class=\"site__info\">\n<div class=\"site__title\">\n<h3 style=\"text-align: left;\"><strong><span style=\"color: #000000;\">HIVER du 24 novembre 2025 au 03 mai 2026<\/span><\/strong><\/h3>\n<h4><span style=\"color: #000000;\">Tarif chalet entier (24 personnes).<\/span><\/h4><div class=\"site__info\"><div class=\"site__title\"><h4><span _msttexthash=\"770679\" _msthash=\"696\" style=\"color: #000000;\">Tarif demi-chalet (14 personnes).<\/span><\/h4><\/div><\/div><h4><span style=\"color: #000000;\"><span style=\"color: #000000;\">Pour les vacances scolaires (No\u00ebl , F\u00e9vrier , Avril), les <\/span><\/span>R\u00e9servations ne sont possibles qu\u2019\u00e0 partir de <span style=\"color: #000000;\">4 nuits.<\/span><\/h4>\n<h4><span style=\"color: #000000;\">Hors vacances scolaires et week-end, r\u00e9servation \u00e0 partir de 2 nuits.<\/span><\/h4>\n<p><span style=\"color: #000000;\">Nous\u00a0 proposons la formule 24 personnes, soit 2 chambres et salles d\u2019eau avec 10 lits \u00e0 l\u2019\u00e9tage, 4 lits et salle d\u2019eau avec acc\u00e8s handicap\u00e9 au rez de chauss\u00e9e.<\/span><\/p>\n<p><span style=\"color: #000000;\">Nous\u00a0 proposons la formule 14 personnes avec un dortoir ferm\u00e9<\/span><\/p>\n\n<p>A rajouter au tarif :<\/p>\n<p>\u2013 Frais de gestion (72\u20ac). \n\u2013 Taxe de s\u00e9jour (revers\u00e9e \u00e0 la ville de Cauterets) en fonction du nombre d\u2019occupants (enfants et adultes)<\/p>\n<p><strong><em>NB\u00a0: Le chalet doit \u00eatre nettoy\u00e9 et rendu propre par les locataires.<\/em><\/strong><\/p>\n<h4 style=\"text-align: left;\"><span style=\"color: #339966;\">TARIFS WEEK-END HIVER 2024-2025 (2 nuits obligatoires)<\/span><\/h4>\n<h4 style=\"text-align: left;\"><span style=\"color: #008000;\"><strong>24 personnes\u00a0 : 850\u20ac<\/strong><\/span><\/h4>\n<h4 style=\"text-align: left;\"><span style=\"color: #008000;\"><strong>14 personnes\u00a0 : 650\u20ac<\/strong><\/span><\/h4>\n<p>\u00a0<\/p>\n<\/div>\n<\/div><\/div><\/div><\/div><\/div><\/div><\/div><figure class=\"wp-block-table\"><table><tbody><tr><td colspan=\"8\"><h4 style=\"text-align: center;\" _msttexthash=\"1887847\" _msthash=\"998\"><span style=\"color: #339966;\">TARIFS SEMAINE HIVER 2024\/2025<\/span><br><font _mstmutation=\"1\" _msttexthash=\"641472\" _msthash=\"999\">du 2<\/font><font _mstmutation=\"1\" _msttexthash=\"529737\" _msthash=\"1023\">4 novembre 202<\/font><font _mstmutation=\"1\" _msttexthash=\"4823\" _msthash=\"1048\">5<\/font><font _mstmutation=\"1\" _msttexthash=\"122499\" _msthash=\"1023\"> au 03 mai 2026<\/font><\/h4><\/td><\/tr><tr><td>\n<h5><span style=\"color: #000000;\">EFFECTIF (EFFECTIF)<\/span><\/h5>\n<\/td><td>\n<h5>&nbsp;<\/h5>\n<\/td><td>\n<h5><span style=\"color: #000000;\">&nbsp; &nbsp; &nbsp;TARIF &nbsp; &nbsp; &nbsp; &nbsp; &nbsp; &nbsp; &nbsp;SEMAINE<\/span><\/h5>\n<\/td><td>\n<h5><span style=\"color: #000000;\">&nbsp; &nbsp; &nbsp;TARIF &nbsp; &nbsp; &nbsp; &nbsp; &nbsp; &nbsp; SEMAINE<\/span><\/h5>\n<\/td><td>\n<h5><span style=\"color: #000000;\">&nbsp; &nbsp; &nbsp;TARIF &nbsp; &nbsp; &nbsp; &nbsp; &nbsp; &nbsp; SEMAINE<\/span><\/h5>\n<\/td><td>\n<h5><span style=\"color: #000000;\">&nbsp; &nbsp; TARIF &nbsp; &nbsp; &nbsp; &nbsp; &nbsp; &nbsp; SEMAINE<\/span><\/h5>\n<\/td><td>\n<h5><span style=\"color: #000000;\">&nbsp; &nbsp; TARIF &nbsp; &nbsp; &nbsp; &nbsp; &nbsp; &nbsp;SEMAINE<\/span><\/h5>\n<\/td><td>\n<h5><span style=\"color: #000000;\">&nbsp; &nbsp; TARIF &nbsp; &nbsp; &nbsp; &nbsp; &nbsp; &nbsp;SEMAINE<\/span><\/h5>\n<\/td><\/tr><tr><td>\n<h5><span style=\"color: #000000;\"><strong>NBRE DE NUIT<\/strong><\/span><\/h5>\n<\/td><td>\n<h5>&nbsp;<\/h5>\n<\/td><td>\n<h5><span style=\"color: #000000;\"><strong>&nbsp; &nbsp; 2 nuits<\/strong><\/span><\/h5>\n<\/td><td>\n<h5><span style=\"color: #000000;\"><strong>&nbsp; &nbsp; 3 nuits<\/strong><\/span><\/h5>\n<\/td><td>\n<h5><span style=\"color: #000000;\"><strong>&nbsp; &nbsp;4 nuits<\/strong><\/span><\/h5>\n<\/td><td>\n<h5><span style=\"color: #000000;\"><strong>&nbsp; &nbsp; 5 nuits<\/strong><\/span><\/h5>\n<\/td><td>\n<h5><span style=\"color: #000000;\"><strong>&nbsp; &nbsp; 6 nuits<\/strong><\/span><\/h5>\n<\/td><td>\n<h5><span style=\"color: #000000;\"><strong>&nbsp; &nbsp;7 nuits<\/strong><\/span><\/h5>\n<\/td><\/tr><tr><td>\n<h5 style=\"text-align: left;\"><span style=\"color: #000000;\"><strong>Vacances Scolaires (toutes zones)<\/strong><\/span><\/h5>\n<\/td><td>\n<h5 style=\"text-align: center;\">&nbsp;<\/h5>\n<\/td><td>\n<h5><span style=\"color: #000000;\"><strong>&nbsp;&#8211;&nbsp;<\/strong><\/span><\/h5>\n<\/td><td>\n<h5><span style=\"color: #000000;\"><strong>&nbsp;&#8211;<\/strong><\/span><\/h5>\n<\/td><td><h5 style=\"text-align: center;\"><span _msttexthash=\"1218386\" _msthash=\"482\" style=\"color: #000000;\"><strong _istranslated=\"1\">1270<\/strong><strong _msttexthash=\"1334216\" _msthash=\"481\" _istranslated=\"1\">\u20ac<\/strong><\/span><\/h5><\/td><td><h5><span _msttexthash=\"1218464\" _msthash=\"530\" style=\"color: #000000;\"><strong _msttexthash=\"988559\" _msthash=\"529\">1<\/strong><strong>550<\/strong><strong _msttexthash=\"988559\" _msthash=\"529\">\u20ac<\/strong><\/span><\/h5><\/td><td><h5><span _msttexthash=\"1218776\" _msthash=\"558\" style=\"color: #000000;\"><strong _msttexthash=\"988871\" _msthash=\"557\">1<\/strong><strong>850<\/strong><strong _msttexthash=\"988871\" _msthash=\"557\">\u20ac<\/strong><\/span><\/h5><\/td><td><h5 style=\"text-align: center;\"><span _msttexthash=\"1217554\" _msthash=\"586\" style=\"color: #000000;\"><strong _msttexthash=\"988234\" _msthash=\"585\">2<\/strong><strong>100<\/strong><strong _msttexthash=\"988234\" _msthash=\"585\">\u20ac<\/strong><\/span><\/h5><\/td><\/tr><tr><td><font _mstmutation=\"1\"><\/font><\/td><\/tr><tr><td>\n<h5><span style=\"color: #000000;\"><strong>Hors Vacances scolaires<\/strong><\/span><\/h5>\n<\/td><td>&nbsp;<\/td><td><h5><span _msttexthash=\"1103180\" _msthash=\"614\" style=\"color: #000000;\"><strong _msttexthash=\"1218100\" _msthash=\"613\" _istranslated=\"1\">450<\/strong><strong _msttexthash=\"1218100\" _msthash=\"613\" _istranslated=\"1\">\u20ac<\/strong><\/span><\/h5><\/td><td><h5><span _msttexthash=\"1103362\" _msthash=\"694\" style=\"color: #000000;\"><strong _msttexthash=\"989014\" _msthash=\"693\" _istranslated=\"1\">650<\/strong><strong _msttexthash=\"989014\" _msthash=\"693\" _istranslated=\"1\">\u20ac<\/strong><\/span><\/h5><\/td><td><h5><span _msttexthash=\"1236885\" _msthash=\"742\" style=\"color: #000000;\"><strong _msttexthash=\"1103544\" _msthash=\"741\" _istranslated=\"1\">850\u20ac<\/strong><\/span><\/h5><\/td><td><h5><span _msttexthash=\"1218464\" _msthash=\"770\" style=\"color: #000000;\"><strong _msttexthash=\"988559\" _msthash=\"769\">1<\/strong><strong>550<\/strong><strong _msttexthash=\"988559\" _msthash=\"769\">\u20ac<\/strong><\/span><\/h5><\/td><td><h5><span _msttexthash=\"1217671\" _msthash=\"844\" style=\"color: #000000;\"><strong _msttexthash=\"1334515\" _msthash=\"843\" _istranslated=\"1\">1300<\/strong><strong _msttexthash=\"1334515\" _msthash=\"843\" _istranslated=\"1\">\u20ac<\/strong><\/span><\/h5><\/td><td><h5><span _msttexthash=\"1217879\" _msthash=\"892\" style=\"color: #000000;\"><strong _msttexthash=\"988559\" _msthash=\"891\">1<\/strong><strong>500<\/strong><strong _msttexthash=\"988559\" _msthash=\"891\">\u20ac<\/strong><\/span><\/h5><\/td><\/tr><tr><td>&nbsp;<\/td><td>&nbsp;<\/td><td>&nbsp;<\/td><td>&nbsp;<\/td><td>&nbsp;<\/td><td>&nbsp;<\/td><td>&nbsp;<\/td><td>&nbsp;<\/td><\/tr><\/tbody><\/table><\/figure>","protected":false},"excerpt":{"rendered":"<p>HIVER du 24 novembre 2025 au 03 mai 2026 Tarif chalet entier (24 personnes). Tarif demi-chalet (14 personnes). Pour les vacances scolaires (No\u00ebl , F\u00e9vrier , Avril), les R\u00e9servations ne sont possibles qu\u2019\u00e0 partir de 4 nuits. Hors vacances scolaires et week-end, r\u00e9servation \u00e0 partir de 2 nuits. Nous\u00a0 proposons la formule 24 personnes, soit [&hellip;]<\/p>\n","protected":false},"author":1,"featured_media":0,"parent":0,"menu_order":0,"comment_status":"closed","ping_status":"closed","template":"","meta":{"footnotes":""},"class_list":["post-59","page","type-page","status-publish","hentry"],"_links":{"self":[{"href":"https:\/\/chaletlocationcauterets.com\/index.php\/wp-json\/wp\/v2\/pages\/59","targetHints":{"allow":["GET"]}}],"collection":[{"href":"https:\/\/chaletlocationcauterets.com\/index.php\/wp-json\/wp\/v2\/pages"}],"about":[{"href":"https:\/\/chaletlocationcauterets.com\/index.php\/wp-json\/wp\/v2\/types\/page"}],"author":[{"embeddable":true,"href":"https:\/\/chaletlocationcauterets.com\/index.php\/wp-json\/wp\/v2\/users\/1"}],"replies":[{"embeddable":true,"href":"https:\/\/chaletlocationcauterets.com\/index.php\/wp-json\/wp\/v2\/comments?post=59"}],"version-history":[{"count":75,"href":"https:\/\/chaletlocationcauterets.com\/index.php\/wp-json\/wp\/v2\/pages\/59\/revisions"}],"predecessor-version":[{"id":1080,"href":"https:\/\/chaletlocationcauterets.com\/index.php\/wp-json\/wp\/v2\/pages\/59\/revisions\/1080"}],"wp:attachment":[{"href":"https:\/\/chaletlocationcauterets.com\/index.php\/wp-json\/wp\/v2\/media?parent=59"}],"curies":[{"name":"wp","href":"https:\/\/api.w.org\/{rel}","templated":true}]}}