{"id":455,"date":"2022-10-29T14:30:40","date_gmt":"2022-10-29T12:30:40","guid":{"rendered":"http:\/\/chaletlocationcauterets.com\/?page_id=455"},"modified":"2022-12-11T12:43:32","modified_gmt":"2022-12-11T11:43:32","slug":"description","status":"publish","type":"page","link":"https:\/\/chaletlocationcauterets.com\/","title":{"rendered":"DESCRIPTION"},"content":{"rendered":"<h1 class=\"entry-title\">Le chalet du CU Pau appartient \u00e0 une association sportive Loi 1901.<\/h1>\n<p><img fetchpriority=\"high\" decoding=\"async\" class=\"alignnone wp-image-29 size-full\" src=\"http:\/\/chaletlocationcauterets.com\/wp-content\/uploads\/2018\/03\/KIF_9792.jpg\" alt=\"\" width=\"2272\" height=\"1704\" srcset=\"https:\/\/chaletlocationcauterets.com\/wp-content\/uploads\/2018\/03\/KIF_9792.jpg 2272w, https:\/\/chaletlocationcauterets.com\/wp-content\/uploads\/2018\/03\/KIF_9792-600x450.jpg 600w, https:\/\/chaletlocationcauterets.com\/wp-content\/uploads\/2018\/03\/KIF_9792-300x225.jpg 300w, https:\/\/chaletlocationcauterets.com\/wp-content\/uploads\/2018\/03\/KIF_9792-768x576.jpg 768w, https:\/\/chaletlocationcauterets.com\/wp-content\/uploads\/2018\/03\/KIF_9792-1024x768.jpg 1024w\" sizes=\"(max-width: 2272px) 100vw, 2272px\" \/><\/p>\n<p>Ce chalet construit en 1968 fait partie de l\u2019histoire du Club Universitaire Palois association sportive loi 1901. Il a permis \u00e0 de nombreux jeunes et moins jeunes de d\u00e9couvrir la montagne et ses activit\u00e9s au travers de stages de ski, multi activit\u00e9s et de locations aux particuliers. En 2015 la structure a \u00e9t\u00e9 enti\u00e8rement r\u00e9nov\u00e9e pour r\u00e9pondre aux standards actuels (Agr\u00e9ment DDCS, 20 personnes) et relancer la section Montagne du club.<\/p>\n<div class=\"entry-content\">\n<h1><\/h1>\n<p><img decoding=\"async\" class=\"alignnone wp-image-31 size-full\" src=\"http:\/\/chaletlocationcauterets.com\/wp-content\/uploads\/2018\/03\/P1160730.jpg\" alt=\"\" width=\"4320\" height=\"3240\" \/><\/p>\n<p>Le chalet est situ\u00e9 \u00e0 l\u2019entr\u00e9e de la ville de Cauter\u00eats, au bord du gave, 29 route de Pierrefitte. Il peut accueillir entre 14 et 24 personnes (id\u00e9al entre amis, comit\u00e9s d\u2019entreprise, centres de loisirs, associations \u2026). Il est \u00e0 seulement 800 m des t\u00e9l\u00e9cabines avec un chemin pi\u00e9tonnier et \u00e0 5mn par la navette gratuite s\u2019arr\u00eatant juste en face. Ouvert 365 jours par an, il vous permettra de profiter pleinement des joies des activit\u00e9s de pleine nature.<\/p>\n<div class=\"entry-content\">\n<p><a href=\"https:\/\/chaletcupcauterets.wordpress.com\/a-propos\/20170220_111543-1024x614\/\"><img decoding=\"async\" class=\"alignnone wp-image-493 size-full\" src=\"http:\/\/chaletlocationcauterets.com\/wp-content\/uploads\/2022\/12\/Cauterets-pontespagne-2.jpg\" alt=\"\" width=\"1500\" height=\"1000\" srcset=\"https:\/\/chaletlocationcauterets.com\/wp-content\/uploads\/2022\/12\/Cauterets-pontespagne-2.jpg 1500w, https:\/\/chaletlocationcauterets.com\/wp-content\/uploads\/2022\/12\/Cauterets-pontespagne-2-600x400.jpg 600w, https:\/\/chaletlocationcauterets.com\/wp-content\/uploads\/2022\/12\/Cauterets-pontespagne-2-300x200.jpg 300w, https:\/\/chaletlocationcauterets.com\/wp-content\/uploads\/2022\/12\/Cauterets-pontespagne-2-768x512.jpg 768w, https:\/\/chaletlocationcauterets.com\/wp-content\/uploads\/2022\/12\/Cauterets-pontespagne-2-1024x683.jpg 1024w\" sizes=\"(max-width: 1500px) 100vw, 1500px\" \/><\/a><\/p>\n<p>&nbsp;<\/p>\n<p>Vous pourrez d\u00e9couvrir l\u2019un des plus beaux domaines skiables des Pyr\u00e9n\u00e9es, en ski ou en snowboard, (36 km de pistes et 1 snowpark). Au Pont d\u2019Espagne, ce sera le plaisir de la randonn\u00e9e en ski de fond ou en raquette (36,5 km). Les randonneurs estivaux trouveront aussi leur bonheur en plein c\u0153ur du Parc National des Pyr\u00e9n\u00e9es\u00a0(<a href=\"http:\/\/www.cauterets.com\/\">site ville de Cauterets<\/a>).<\/p>\n<p><img loading=\"lazy\" decoding=\"async\" class=\"alignnone wp-image-492 size-full\" src=\"http:\/\/chaletlocationcauterets.com\/wp-content\/uploads\/2022\/12\/22625-Cirque-du-Lys.jpg\" alt=\"\" width=\"939\" height=\"528\" srcset=\"https:\/\/chaletlocationcauterets.com\/wp-content\/uploads\/2022\/12\/22625-Cirque-du-Lys.jpg 939w, https:\/\/chaletlocationcauterets.com\/wp-content\/uploads\/2022\/12\/22625-Cirque-du-Lys-600x337.jpg 600w, https:\/\/chaletlocationcauterets.com\/wp-content\/uploads\/2022\/12\/22625-Cirque-du-Lys-300x169.jpg 300w, https:\/\/chaletlocationcauterets.com\/wp-content\/uploads\/2022\/12\/22625-Cirque-du-Lys-768x432.jpg 768w\" sizes=\"(max-width: 939px) 100vw, 939px\" \/><\/p>\n<p>&nbsp;<\/p>\n<\/div>\n<\/div>\n<p>&nbsp;<\/p>\n<p>&nbsp;<\/p>\n","protected":false},"excerpt":{"rendered":"<p>Le chalet du CU Pau appartient \u00e0 une association sportive Loi 1901. Ce chalet construit en 1968 fait partie de l\u2019histoire du Club Universitaire Palois association sportive loi 1901. Il a permis \u00e0 de nombreux jeunes et moins jeunes de d\u00e9couvrir la montagne et ses activit\u00e9s au travers de stages de ski, multi activit\u00e9s et [&hellip;]<\/p>\n","protected":false},"author":1,"featured_media":0,"parent":0,"menu_order":0,"comment_status":"closed","ping_status":"closed","template":"","meta":{"footnotes":""},"class_list":["post-455","page","type-page","status-publish","hentry"],"_links":{"self":[{"href":"https:\/\/chaletlocationcauterets.com\/index.php\/wp-json\/wp\/v2\/pages\/455","targetHints":{"allow":["GET"]}}],"collection":[{"href":"https:\/\/chaletlocationcauterets.com\/index.php\/wp-json\/wp\/v2\/pages"}],"about":[{"href":"https:\/\/chaletlocationcauterets.com\/index.php\/wp-json\/wp\/v2\/types\/page"}],"author":[{"embeddable":true,"href":"https:\/\/chaletlocationcauterets.com\/index.php\/wp-json\/wp\/v2\/users\/1"}],"replies":[{"embeddable":true,"href":"https:\/\/chaletlocationcauterets.com\/index.php\/wp-json\/wp\/v2\/comments?post=455"}],"version-history":[{"count":14,"href":"https:\/\/chaletlocationcauterets.com\/index.php\/wp-json\/wp\/v2\/pages\/455\/revisions"}],"predecessor-version":[{"id":494,"href":"https:\/\/chaletlocationcauterets.com\/index.php\/wp-json\/wp\/v2\/pages\/455\/revisions\/494"}],"wp:attachment":[{"href":"https:\/\/chaletlocationcauterets.com\/index.php\/wp-json\/wp\/v2\/media?parent=455"}],"curies":[{"name":"wp","href":"https:\/\/api.w.org\/{rel}","templated":true}]}}