{"id":261,"date":"2020-11-20T08:20:12","date_gmt":"2020-11-20T07:20:12","guid":{"rendered":"http:\/\/chaletlocationcauterets.com\/?page_id=261"},"modified":"2022-12-11T10:44:25","modified_gmt":"2022-12-11T09:44:25","slug":"azimut-sport","status":"publish","type":"page","link":"https:\/\/chaletlocationcauterets.com\/index.php\/azimut-sport\/","title":{"rendered":"Azimut Sport"},"content":{"rendered":"<p><span style=\"color: #000000;\">Pour tout savoir sur<\/span>\u00a0<a href=\"http:\/\/www.azimut-sport.com\/\" target=\"_blank\" rel=\"noopener\">Azimut Sport<\/a>\u00a0<span style=\"color: #000000;\">(cliquer dessus)<\/span><\/p>\n<p><img fetchpriority=\"high\" decoding=\"async\" class=\"alignnone size-full wp-image-481\" src=\"http:\/\/chaletlocationcauterets.com\/wp-content\/uploads\/2022\/12\/image_rs.jpg\" alt=\"\" width=\"1920\" height=\"1440\" srcset=\"https:\/\/chaletlocationcauterets.com\/wp-content\/uploads\/2022\/12\/image_rs.jpg 1920w, https:\/\/chaletlocationcauterets.com\/wp-content\/uploads\/2022\/12\/image_rs-600x450.jpg 600w, https:\/\/chaletlocationcauterets.com\/wp-content\/uploads\/2022\/12\/image_rs-300x225.jpg 300w, https:\/\/chaletlocationcauterets.com\/wp-content\/uploads\/2022\/12\/image_rs-768x576.jpg 768w, https:\/\/chaletlocationcauterets.com\/wp-content\/uploads\/2022\/12\/image_rs-1024x768.jpg 1024w\" sizes=\"(max-width: 1920px) 100vw, 1920px\" \/><\/p>\n<p><span style=\"color: #000000;\">\u00a0 \u00a0 \u00a0 \u00a0 \u00a0 \u00a0 \u00a0 \u00a0 \u00a0 \u00a0 \u00a0 \u00a0 \u00a0 \u00a0 \u00a0 \u00a0 \u00a0 \u00a0 \u00a0 \u00a0 \u00a0 \u00a0 \u00a0 \u00a0 \u00a0 \u00a0 \u00a0Itin\u00e9raire<\/span> :<a href=\"https:\/\/www.google.fr\/maps\/dir\/42.8927226,-0.1152154\/azimut+sport\/@42.8878176,-0.1147326,19z\/data=!4m8!4m7!1m0!1m5!1m1!1s0xd57dd0a294effcb:0xc241f7c3ed984db!2m2!1d-0.1141834!2d42.8878389\">Plan<\/a><\/p>\n<p style=\"text-align: left;\"><span style=\"color: #000000;\"><strong>Chez Azimut Sport, nous sommes ind\u00e9pendants et fiers de l\u2019\u00eatre !<\/strong><\/span>\u00a0<span style=\"color: #000000;\">Passionn\u00e9s de montagne, nous sommes n\u00e9s dans les Pyr\u00e9n\u00e9es, y avons grandi et vivons aujourd\u2019hui toute l\u2019ann\u00e9e \u00e0 Cauterets. Nous avons la chance de vivre dans cet environnement unique gr\u00e2ce \u00e0 nos diff\u00e9rentes activit\u00e9s de location en \u00e9t\u00e9 et en hiver et souhaitons faire partager cet amour de la montagne \u00e0 tous ceux qui passeront la porte du magasin Azimut Sport. Nos clients habitu\u00e9s reviennent enchant\u00e9s chaque ann\u00e9e, soyez assur\u00e9s que nous vous r\u00e9serverons aussi le meilleur accueil. Nous somme id\u00e9alement situ\u00e9s pour vous servir si vous skiez dans les stations de ski de Cauterets, du Lys et du Pont d\u2019Espagne.<\/span><\/p>\n<p><span style=\"color: #000000;\">Marie- Pierre et Christophe vous accueilleront avec le sourire et seront de tr\u00e8s bons conseils.\u00a0Qui sont-ils?<\/span><\/p>\n<p><span style=\"color: #000000;\"><strong>Marie-Pierre<\/strong><\/span><br \/>\n<span style=\"color: #000000;\">Originaire de Tarbes, Marie-Pierre a grandi au pied des Pyr\u00e9n\u00e9es et a int\u00e9gr\u00e9 l\u2019\u00e9quipe de France de ski. Il y a 12 ans, elle a ouvert Azimut Sport avec toute l\u2019\u00e9nergie et la combativit\u00e9 qu\u2019on lui conna\u00eet. En fine connaisseuse, Marie-Pierre a le souci du travail bien fait et apporte le plus grand soin \u00e0 choisir le mat\u00e9riel le plus adapt\u00e9 \u00e0 la pratique de chacun.<\/span><\/p>\n<p><span style=\"color: #000000;\"><strong>Christophe<\/strong><\/span><br \/>\n<span style=\"color: #000000;\">Moniteur de ski\/snowboard \u00e0 l&#8217;ESF et Guide de haute montagne depuis plus de 20 ans, il est \u00e9galement entra\u00eeneur au Ski club de Cauterets.<\/span><\/p>\n<p><span style=\"color: #000000;\">Vous pourrez voir toutes les activit\u00e9s que Christophe et ses coll\u00e8gues proposent en hiver comme en \u00e9t\u00e9 ( via ferrata, canyoning, randonn\u00e9e, escalade, etc.).<\/span><\/p>\n<p><span style=\"color: #000000;\">Contactez le bureau des guides de Cauterets<\/span>\u00a0<a href=\"http:\/\/www.guides-cauterets.com\/\">BUREAU DES GUIDES<\/a>\u00a0<span style=\"color: #000000;\">( cliquer dessus)<\/span><\/p>\n<div class=\"row\">\n<div class=\"col-md-6\">\n<p><span style=\"color: #000000;\">Itin\u00e9raires:<\/span>\u00a0<a href=\"https:\/\/www.google.fr\/maps\/place\/Bureau+des+Guides+de+Cauterets\/@42.8878242,-0.1141521,15z\/data=!4m5!3m4!1s0x0:0x7305579217257303!8m2!3d42.8878242!4d-0.1141521\">plan\u00a0<\/a><\/p>\n<p>&nbsp;<\/p>\n<\/div>\n<\/div>\n","protected":false},"excerpt":{"rendered":"<p>Pour tout savoir sur\u00a0Azimut Sport\u00a0(cliquer dessus) \u00a0 \u00a0 \u00a0 \u00a0 \u00a0 \u00a0 \u00a0 \u00a0 \u00a0 \u00a0 \u00a0 \u00a0 \u00a0 \u00a0 \u00a0 \u00a0 \u00a0 \u00a0 \u00a0 \u00a0 \u00a0 \u00a0 \u00a0 \u00a0 \u00a0 \u00a0 \u00a0Itin\u00e9raire :Plan Chez Azimut Sport, nous sommes ind\u00e9pendants et fiers de l\u2019\u00eatre !\u00a0Passionn\u00e9s de montagne, nous sommes n\u00e9s dans les Pyr\u00e9n\u00e9es, y avons [&hellip;]<\/p>\n","protected":false},"author":1,"featured_media":0,"parent":0,"menu_order":0,"comment_status":"closed","ping_status":"closed","template":"","meta":{"footnotes":""},"class_list":["post-261","page","type-page","status-publish","hentry"],"_links":{"self":[{"href":"https:\/\/chaletlocationcauterets.com\/index.php\/wp-json\/wp\/v2\/pages\/261","targetHints":{"allow":["GET"]}}],"collection":[{"href":"https:\/\/chaletlocationcauterets.com\/index.php\/wp-json\/wp\/v2\/pages"}],"about":[{"href":"https:\/\/chaletlocationcauterets.com\/index.php\/wp-json\/wp\/v2\/types\/page"}],"author":[{"embeddable":true,"href":"https:\/\/chaletlocationcauterets.com\/index.php\/wp-json\/wp\/v2\/users\/1"}],"replies":[{"embeddable":true,"href":"https:\/\/chaletlocationcauterets.com\/index.php\/wp-json\/wp\/v2\/comments?post=261"}],"version-history":[{"count":23,"href":"https:\/\/chaletlocationcauterets.com\/index.php\/wp-json\/wp\/v2\/pages\/261\/revisions"}],"predecessor-version":[{"id":482,"href":"https:\/\/chaletlocationcauterets.com\/index.php\/wp-json\/wp\/v2\/pages\/261\/revisions\/482"}],"wp:attachment":[{"href":"https:\/\/chaletlocationcauterets.com\/index.php\/wp-json\/wp\/v2\/media?parent=261"}],"curies":[{"name":"wp","href":"https:\/\/api.w.org\/{rel}","templated":true}]}}