{"id":254,"date":"2020-11-20T07:58:59","date_gmt":"2020-11-20T06:58:59","guid":{"rendered":"http:\/\/chaletlocationcauterets.com\/?page_id=254"},"modified":"2022-12-11T11:34:03","modified_gmt":"2022-12-11T10:34:03","slug":"alimentation","status":"publish","type":"page","link":"https:\/\/chaletlocationcauterets.com\/index.php\/alimentation\/","title":{"rendered":"Alimentation"},"content":{"rendered":"<p><span style=\"color: #000000;\"><b>P\u00c2TISSERIE<\/b><strong>\u00a0CHEZ GILLOU<\/strong>\u00a0:<\/span><\/p>\n<p><span style=\"color: #000000;\">Situ\u00e9e en face du magasin de location Azimut Sport, qui vous propose plusieurs sp\u00e9cialit\u00e9s parmi lesquelles &#8220;les tourtes aux myrtilles&#8221;.<br \/>\nVous ne serez pas d\u00e9\u00e7us!<\/span><\/p>\n<p><img fetchpriority=\"high\" decoding=\"async\" class=\"wp-image-88 alignnone\" src=\"https:\/\/chaletcupcauterets.files.wordpress.com\/2017\/05\/photo3-2.jpg?w=264&amp;h=198\" sizes=\"(max-width: 264px) 100vw, 264px\" srcset=\"https:\/\/chaletcupcauterets.files.wordpress.com\/2017\/05\/photo3-2.jpg?w=264&amp;h=198 264w, https:\/\/chaletcupcauterets.files.wordpress.com\/2017\/05\/photo3-2.jpg?w=150&amp;h=113 150w, https:\/\/chaletcupcauterets.files.wordpress.com\/2017\/05\/photo3-2.jpg?w=300&amp;h=225 300w, https:\/\/chaletcupcauterets.files.wordpress.com\/2017\/05\/photo3-2.jpg 448w\" alt=\"photo3-2\" width=\"264\" height=\"198\" data-attachment-id=\"88\" data-permalink=\"https:\/\/chaletcupcauterets.wordpress.com\/partenaires\/photo3-2\/\" data-orig-file=\"https:\/\/chaletcupcauterets.files.wordpress.com\/2017\/05\/photo3-2.jpg?w=264&amp;h=198\" data-orig-size=\"448,336\" data-comments-opened=\"1\" data-image-meta=\"{&quot;aperture&quot;:&quot;3.2&quot;,&quot;credit&quot;:&quot;&quot;,&quot;camera&quot;:&quot;COOLPIX S6200&quot;,&quot;caption&quot;:&quot;&quot;,&quot;created_timestamp&quot;:&quot;1341740072&quot;,&quot;copyright&quot;:&quot;&quot;,&quot;focal_length&quot;:&quot;4.5&quot;,&quot;iso&quot;:&quot;100&quot;,&quot;shutter_speed&quot;:&quot;0.033333333333333&quot;,&quot;title&quot;:&quot;&quot;,&quot;orientation&quot;:&quot;1&quot;}\" data-image-title=\"photo3-2\" data-image-description=\"\" data-medium-file=\"https:\/\/chaletcupcauterets.files.wordpress.com\/2017\/05\/photo3-2.jpg?w=264&amp;h=198?w=300\" data-large-file=\"https:\/\/chaletcupcauterets.files.wordpress.com\/2017\/05\/photo3-2.jpg?w=264&amp;h=198?w=448\" \/><\/p>\n<p><a href=\"http:\/\/www.cauterets.com\/?commerce=patisserie-chez-gillou\">contact et plan<\/a>\u00a0<span style=\"color: #000000;\">(cliquer dessus)<\/span><\/p>\n<p>&nbsp;<\/p>\n<p><span style=\"color: #000000;\"><strong>LA CHARCU<\/strong><\/span><strong><span style=\"color: #000000;\"><strong>TERIE C<\/strong><\/span><strong><span style=\"color: #000000;\"><strong>HEZ PEIO :<\/strong><\/span>\u00a0<\/strong><\/strong><\/p>\n<p><span style=\"color: #000000;\">Traiteur, froma<\/span><span style=\"color: #000000;\">g<\/span><span style=\"color: #000000;\">es, charcuteries, poulets\u2026, tr\u00e8s accueillant et propose de nombreux produits locaux.<\/span><\/p>\n<div id=\"jp-post-flair\" class=\"sharedaddy sd-like-enabled sd-sharing-enabled\">\n<div class=\"sharedaddy sd-sharing-enabled\">\n<div class=\"robots-nocontent sd-block sd-social sd-social-icon-text sd-sharing\">\n<h3 class=\"sd-title\"><img decoding=\"async\" class=\"wp-image-89 alignnone\" style=\"font-size: 16px;\" src=\"https:\/\/chaletcupcauterets.files.wordpress.com\/2017\/05\/peio-copier.jpg?w=235&amp;h=313\" sizes=\"(max-width: 235px) 100vw, 235px\" srcset=\"https:\/\/chaletcupcauterets.files.wordpress.com\/2017\/05\/peio-copier.jpg?w=235&amp;h=313 235w, https:\/\/chaletcupcauterets.files.wordpress.com\/2017\/05\/peio-copier.jpg?w=113&amp;h=150 113w, https:\/\/chaletcupcauterets.files.wordpress.com\/2017\/05\/peio-copier.jpg?w=225&amp;h=300 225w, https:\/\/chaletcupcauterets.files.wordpress.com\/2017\/05\/peio-copier.jpg 450w\" alt=\"peio--Copier-\" width=\"235\" height=\"313\" data-attachment-id=\"89\" data-permalink=\"https:\/\/chaletcupcauterets.wordpress.com\/partenaires\/peio-copier\/\" data-orig-file=\"https:\/\/chaletcupcauterets.files.wordpress.com\/2017\/05\/peio-copier.jpg?w=235&amp;h=313\" data-orig-size=\"450,600\" data-comments-opened=\"1\" data-image-meta=\"{&quot;aperture&quot;:&quot;2.2&quot;,&quot;credit&quot;:&quot;&quot;,&quot;camera&quot;:&quot;iPhone 6&quot;,&quot;caption&quot;:&quot;&quot;,&quot;created_timestamp&quot;:&quot;1486230095&quot;,&quot;copyright&quot;:&quot;&quot;,&quot;focal_length&quot;:&quot;4.15&quot;,&quot;iso&quot;:&quot;40&quot;,&quot;shutter_speed&quot;:&quot;0.03030303030303&quot;,&quot;title&quot;:&quot;&quot;,&quot;orientation&quot;:&quot;1&quot;}\" data-image-title=\"peio\u2013Copier-\" data-image-description=\"\" data-medium-file=\"https:\/\/chaletcupcauterets.files.wordpress.com\/2017\/05\/peio-copier.jpg?w=235&amp;h=313?w=225\" data-large-file=\"https:\/\/chaletcupcauterets.files.wordpress.com\/2017\/05\/peio-copier.jpg?w=235&amp;h=313?w=450\" \/><\/h3>\n<\/div>\n<\/div>\n<\/div>\n<div class=\"row\">\n<div class=\"col-md-6\">\n<p><span style=\"color: #000000;\"><a href=\"https:\/\/www.cauterets.com\/t\/alimentation\/boucherie-charcuterie-peio\/\">Contact et plan<\/a>( cliquer dessus)\u00a0<\/span><\/p>\n<p>&nbsp;<\/p>\n<\/div>\n<\/div>\n","protected":false},"excerpt":{"rendered":"<p>P\u00c2TISSERIE\u00a0CHEZ GILLOU\u00a0: Situ\u00e9e en face du magasin de location Azimut Sport, qui vous propose plusieurs sp\u00e9cialit\u00e9s parmi lesquelles &#8220;les tourtes aux myrtilles&#8221;. Vous ne serez pas d\u00e9\u00e7us! contact et plan\u00a0(cliquer dessus) &nbsp; LA CHARCUTERIE CHEZ PEIO :\u00a0 Traiteur, fromages, charcuteries, poulets\u2026, tr\u00e8s accueillant et propose de nombreux produits locaux. Contact et plan( cliquer dessus)\u00a0 &nbsp;<\/p>\n","protected":false},"author":1,"featured_media":0,"parent":0,"menu_order":0,"comment_status":"closed","ping_status":"closed","template":"","meta":{"footnotes":""},"class_list":["post-254","page","type-page","status-publish","hentry"],"_links":{"self":[{"href":"https:\/\/chaletlocationcauterets.com\/index.php\/wp-json\/wp\/v2\/pages\/254","targetHints":{"allow":["GET"]}}],"collection":[{"href":"https:\/\/chaletlocationcauterets.com\/index.php\/wp-json\/wp\/v2\/pages"}],"about":[{"href":"https:\/\/chaletlocationcauterets.com\/index.php\/wp-json\/wp\/v2\/types\/page"}],"author":[{"embeddable":true,"href":"https:\/\/chaletlocationcauterets.com\/index.php\/wp-json\/wp\/v2\/users\/1"}],"replies":[{"embeddable":true,"href":"https:\/\/chaletlocationcauterets.com\/index.php\/wp-json\/wp\/v2\/comments?post=254"}],"version-history":[{"count":10,"href":"https:\/\/chaletlocationcauterets.com\/index.php\/wp-json\/wp\/v2\/pages\/254\/revisions"}],"predecessor-version":[{"id":489,"href":"https:\/\/chaletlocationcauterets.com\/index.php\/wp-json\/wp\/v2\/pages\/254\/revisions\/489"}],"wp:attachment":[{"href":"https:\/\/chaletlocationcauterets.com\/index.php\/wp-json\/wp\/v2\/media?parent=254"}],"curies":[{"name":"wp","href":"https:\/\/api.w.org\/{rel}","templated":true}]}}