{"id":250,"date":"2020-11-20T07:58:18","date_gmt":"2020-11-20T06:58:18","guid":{"rendered":"http:\/\/chaletlocationcauterets.com\/?page_id=250"},"modified":"2020-11-20T12:12:09","modified_gmt":"2020-11-20T11:12:09","slug":"ski","status":"publish","type":"page","link":"https:\/\/chaletlocationcauterets.com\/index.php\/ski\/","title":{"rendered":"Ski"},"content":{"rendered":"<p><span style=\"color: #000000;\">Venez d\u00e9couvrir nos diff\u00e9rents collaborateurs en termes de pratique de ski, location de mat\u00e9riel, randonn\u00e9e et bien d&#8217;autres&#8230;<\/span><\/p>\n<p><img fetchpriority=\"high\" decoding=\"async\" class=\"\" src=\"https:\/\/www.montclar.com\/wp-content\/uploads\/2018\/11\/mise-en-avant-location-materiel-montclar.jpg\" alt=\"Louer son mat\u00e9riel - Station Montclar Les 2 Vall\u00e9es\" width=\"1039\" height=\"1039\" \/><\/p>\n","protected":false},"excerpt":{"rendered":"<p>Venez d\u00e9couvrir nos diff\u00e9rents collaborateurs en termes de pratique de ski, location de mat\u00e9riel, randonn\u00e9e et bien d&#8217;autres&#8230;<\/p>\n","protected":false},"author":1,"featured_media":0,"parent":0,"menu_order":0,"comment_status":"closed","ping_status":"closed","template":"","meta":{"footnotes":""},"class_list":["post-250","page","type-page","status-publish","hentry"],"_links":{"self":[{"href":"https:\/\/chaletlocationcauterets.com\/index.php\/wp-json\/wp\/v2\/pages\/250","targetHints":{"allow":["GET"]}}],"collection":[{"href":"https:\/\/chaletlocationcauterets.com\/index.php\/wp-json\/wp\/v2\/pages"}],"about":[{"href":"https:\/\/chaletlocationcauterets.com\/index.php\/wp-json\/wp\/v2\/types\/page"}],"author":[{"embeddable":true,"href":"https:\/\/chaletlocationcauterets.com\/index.php\/wp-json\/wp\/v2\/users\/1"}],"replies":[{"embeddable":true,"href":"https:\/\/chaletlocationcauterets.com\/index.php\/wp-json\/wp\/v2\/comments?post=250"}],"version-history":[{"count":5,"href":"https:\/\/chaletlocationcauterets.com\/index.php\/wp-json\/wp\/v2\/pages\/250\/revisions"}],"predecessor-version":[{"id":361,"href":"https:\/\/chaletlocationcauterets.com\/index.php\/wp-json\/wp\/v2\/pages\/250\/revisions\/361"}],"wp:attachment":[{"href":"https:\/\/chaletlocationcauterets.com\/index.php\/wp-json\/wp\/v2\/media?parent=250"}],"curies":[{"name":"wp","href":"https:\/\/api.w.org\/{rel}","templated":true}]}}