{"id":198,"date":"2020-11-18T12:01:56","date_gmt":"2020-11-18T11:01:56","guid":{"rendered":"http:\/\/chaletlocationcauterets.com\/?page_id=198"},"modified":"2024-09-10T10:38:47","modified_gmt":"2024-09-10T08:38:47","slug":"toutes-les-disponibilites-reservation-ou-demande-dinformationcalendrier-de-disponibilite-par-shared-house-comtarifs-occupations","status":"publish","type":"page","link":"https:\/\/chaletlocationcauterets.com\/index.php\/toutes-les-disponibilites-reservation-ou-demande-dinformationcalendrier-de-disponibilite-par-shared-house-comtarifs-occupations\/","title":{"rendered":"TARIFS"},"content":{"rendered":"<p style=\"text-align: center;\"><img fetchpriority=\"high\" decoding=\"async\" class=\"size-medium wp-image-408 alignleft\" src=\"http:\/\/chaletlocationcauterets.com\/wp-content\/uploads\/2021\/03\/savanna_header_tarifs-1-300x200.png\" alt=\"\" width=\"300\" height=\"200\" srcset=\"https:\/\/chaletlocationcauterets.com\/wp-content\/uploads\/2021\/03\/savanna_header_tarifs-1-300x200.png 300w, https:\/\/chaletlocationcauterets.com\/wp-content\/uploads\/2021\/03\/savanna_header_tarifs-1.png 450w\" sizes=\"(max-width: 300px) 100vw, 300px\" \/>\u00a0<strong> \u00a0 \u00a0LOCATION HIVER \/ETE<\/strong><\/p>\n<p>Chalet pouvant accueillir 24 personnes.<\/p>\n<p>En louant notre structure, vous devenez adh\u00e9rent de notre Club et vous engagez \u00e0 respecter le r\u00e8glement int\u00e9rieur (cotisation 50\u20ac). Le Responsable du s\u00e9jour devient le garant de la s\u00e9curit\u00e9 de l\u2019\u00e9tablissement et de son groupe.<\/p>\n<p>Vous trouverez :<br \/>\n<span style=\"\">&#8211; Tarifs hiver : demi-chalet \/ chalet entier\u00a0<\/span><br \/>\nVacances scolaire : 4 nuits minimums( toutes les zones confondues)<br \/>\n&#8211; Tarif \u00e9t\u00e9 ( Chalet entier)<\/p>\n<p>A rajouter au tarif de la location<br \/>\n&#8211;\u00a0 Frais de gestion (72\u20ac) et d\u00e9sinfection (25\u20ac)<br \/>\n&#8211; Taxes de s\u00e9jour (21\u20ac\/jour)<\/p>\n<p><em>NB\u00a0:le chalet doit \u00eatre nettoy\u00e9 et rendu propre par les locataires.<\/em><\/p>\n","protected":false},"excerpt":{"rendered":"<p>\u00a0 \u00a0 \u00a0LOCATION HIVER \/ETE Chalet pouvant accueillir 24 personnes. En louant notre structure, vous devenez adh\u00e9rent de notre Club et vous engagez \u00e0 respecter le r\u00e8glement int\u00e9rieur (cotisation 50\u20ac). Le Responsable du s\u00e9jour devient le garant de la s\u00e9curit\u00e9 de l\u2019\u00e9tablissement et de son groupe. Vous trouverez : &#8211; Tarifs hiver : demi-chalet \/ [&hellip;]<\/p>\n","protected":false},"author":1,"featured_media":0,"parent":0,"menu_order":0,"comment_status":"closed","ping_status":"closed","template":"","meta":{"footnotes":""},"class_list":["post-198","page","type-page","status-publish","hentry"],"_links":{"self":[{"href":"https:\/\/chaletlocationcauterets.com\/index.php\/wp-json\/wp\/v2\/pages\/198","targetHints":{"allow":["GET"]}}],"collection":[{"href":"https:\/\/chaletlocationcauterets.com\/index.php\/wp-json\/wp\/v2\/pages"}],"about":[{"href":"https:\/\/chaletlocationcauterets.com\/index.php\/wp-json\/wp\/v2\/types\/page"}],"author":[{"embeddable":true,"href":"https:\/\/chaletlocationcauterets.com\/index.php\/wp-json\/wp\/v2\/users\/1"}],"replies":[{"embeddable":true,"href":"https:\/\/chaletlocationcauterets.com\/index.php\/wp-json\/wp\/v2\/comments?post=198"}],"version-history":[{"count":17,"href":"https:\/\/chaletlocationcauterets.com\/index.php\/wp-json\/wp\/v2\/pages\/198\/revisions"}],"predecessor-version":[{"id":573,"href":"https:\/\/chaletlocationcauterets.com\/index.php\/wp-json\/wp\/v2\/pages\/198\/revisions\/573"}],"wp:attachment":[{"href":"https:\/\/chaletlocationcauterets.com\/index.php\/wp-json\/wp\/v2\/media?parent=198"}],"curies":[{"name":"wp","href":"https:\/\/api.w.org\/{rel}","templated":true}]}}